{"id":3,"date":"2025-08-06T08:14:53","date_gmt":"2025-08-06T08:14:53","guid":{"rendered":"https:\/\/publikimage.newhorizons.cloud\/kruserracing\/?page_id=3"},"modified":"2025-08-06T09:02:38","modified_gmt":"2025-08-06T09:02:38","slug":"privacy-policy","status":"publish","type":"page","link":"https:\/\/kruseracing.com\/index.php\/privacy-policy\/","title":{"rendered":"Privacy Policy"},"content":{"rendered":"\n<h2 class=\"wp-block-heading\">Privacy e cookie policy<\/h2>\n\n\n\n<p>INFORMATIVA<br>Ai sensi del Regolamento Europeo 2016\/679<br>Del sito web kruserracing.com<\/p>\n\n\n\n<p><strong>Trattamento dei dati personali<\/strong>\u00a0\u2013 Premessa<br>Vengono qui di seguito descritte le modalit\u00e0 di gestione del sito\u00a0kruserracing.com\u00a0in riferimento al trattamento dei dati personali degli utenti. La presente informativa \u00e8 resa ai sensi dell\u2019art.13 del Regolamento 2016\/679 del Parlamento europeo e del Consiglio del 27 aprile 2016 relativo alla protezione delle persone fisiche con riguardo al trattamento dei dati personali, nonch\u00e9 alla libera circolazione di tali dati e che abroga la Direttiva 95\/46\/CE (Regolamento generale sulla protezione dei dati), a coloro che interagiscono con i servizi web, accessibili per via telematica a partire dall\u2019indirizzo citato corrispondente alla pagina iniziale del sito kruserracing.com. Il trattamento e la conservazione dati avvengono anche ai sensi del D. Lgs. 196\/2003 e successive modifiche, nonch\u00e9 di ogni altra normativa nazionale o sovranazionale dovesse intervenire.<br>Sul sito kruserracing.com\u00a0non si svolge attivit\u00e0 di vendita online. Acquisti o servizi forniti dal Titolare del trattamento saranno oggetto di diversa specifica privacy policy.<\/p>\n\n\n\n<p><strong>Titolare del Trattamento<\/strong><br>Titolare del Trattamento Dati \u00e8 KRUSE s.r.o. \u2013 Dnenova 1J 82101 Bratislava<\/p>\n\n\n\n<p><strong>Tipo di dati trattati<\/strong><br><strong>Dati di navigazione<\/strong><br>Gli applicativi software preposti al funzionamento del sito web\u00a0kruserracing.com, acquisiscono alcuni dati personali trasmessi mediante protocolli sicuri. Tali informazioni non sono raccolte per essere associate a interessati identificati, ma potrebbero, attraverso elaborazioni ed associazioni con dati detenuti da terzi, permettere di identificare gli utenti. In questa categoria di dati rientrano gli indirizzi IP, identificativo del browser (user agent), gli indirizzi in notazione URI (Uniform Resource Identifier) delle risorse richieste, l\u2019orario della richiesta, il metodo utilizzato nel sottoporre la richiesta al server, il codice numerico indicante lo stato della risposta data dal server (ad esempio buon fine, errore) ed altri parametri relativi al sistema operativo e all\u2019ambiente informatico dell\u2019utente. Questi dati vengono utilizzati al solo fine di ricavare informazioni statistiche anonime sull\u2019uso del sito e per controllarne il corretto funzionamento. Non viene effettuata alcuna attivit\u00e0 di profilazione da parte del Titolare del Trattamento e non vengono utilizzate per altro scopo o trasmessi a terzi.<br><strong>Dati forniti volontariamente dall\u2019utente<\/strong><br>Per l\u2019accesso ad alcuni servizi erogati tramite il sito web\u00a0kruserracing.com\u00a0potr\u00e0 essere richiesto l\u2019inserimento su base facoltativa e volontaria di alcuni dati identificativi (email, nominativo, recapiti, ed informazioni necessarie ad erogare il servizio richiesto) nel rispetto del principio di minimizzazione previsto dal GDPR. La mancata indicazione di uno dei dati richiesti potrebbe impedire l\u2019erogazione del servizio o l\u2019invio delle informazioni richieste.<br><strong>Ulteriori dati per la conclusione di contratti o altri servizi<\/strong><br>La presente informativa riguarda solo ed esclusivamente i dati raccolti sul sito kruserracing.com Eventuali altri dati fossero necessari per la stipula di contratti o altre finalit\u00e0, saranno oggetto di separata informativa nel rispetto delle vigenti normative anche fiscali.<\/p>\n\n\n\n<p><strong>Base giuridica e finalit\u00e0 del trattamento<\/strong><br><strong>Base giuridica<\/strong><br>Base giuridica del trattamento da parte di KRUSE s.r.o. \u00e8 il consenso liberamente prestato dagli interessati. Finalit\u00e0 \u2013 Erogazione del servizio I dati personali forniti dagli utenti che si avvalgono dei servizi resi da KRUSE s.r.o.. mediante il sito\u00a0kruserracing.com(es: attraverso la navigazione, la compilazione di form) sono utilizzati al solo scopo di prestare il servizio o eseguire la prestazione richiesta. Nessuna ulteriore attivit\u00e0 quali, a titolo esemplificativo, profilazione o inserimento in mailing list, verr\u00e0 effettuata dal Titolare.<br><strong>Periodo di conservazione dei dati<\/strong>\u00a0Il periodo di conservazione dei dati \u00e8 quello necessario per le finalit\u00e0 derivanti dai servizi richiesti e per un ulteriore periodo di 12 mesi. In caso di comunicazione dati su base volontaria da parte dell\u2019Utente per attivit\u00e0 non connesse a servizi (es. richieste di informazione o preventivi, i dati saranno conservati per un periodo di cinque anni equivalente al termine per l\u2019esercizio di azioni giudiziarie o rivendicazioni anche di terzi). Qualora le informazioni richieste siano oggetto di una transazione on line, tali dati potranno essere conservati per finalit\u00e0 di rendicontazione economica e fiscale, per un periodo di 10 anni, ovvero quello diverso sulla base delle vigenti disposizioni in materia. Per quanto attiene ai dati tecnici gestiti dal sito, quali i cookie, il periodo di conservazione \u00e8 definito dalle caratteristiche tecniche dei cookie stessi e specificato nell\u2019informativa estesa per i cookie.<br><strong>Facoltativit\u00e0 del conferimento dei dati<\/strong><br>A parte quanto specificato per i dati di navigazione, l\u2019utente \u00e8 libero di fornire a KRUSE s.r.o. i dati personali richiesti per fruire dei servizi erogati tramite il sito. Il mancato conferimento dei dati relativi ai campi contrassegnati da asterisco (obbligatori) comporta l\u2019impossibilit\u00e0 di usufruire del servizio offerto.<br><strong>Modalit\u00e0 e sicurezza del trattamento<\/strong><br>Il trattamento dei dati personali avviene presso la sede operativa del Titolare, attraverso strumenti informatici idonei a garantire la sicurezza e la riservatezza dei dati stessi e comunque nel rispetto delle misure di sicurezza adeguate cos\u00ec come richiesto dall\u2019art. 32 GDPR, mediante i protocolli di comunicazione sicuri con algoritmi di criptazione SSL.<br>I Dati trattati non saranno oggetto di trasferimento fuori dall\u2019UE o a terzi, salvo espresso consenso dell\u2019interessato che verr\u00e0 richiesto dal Titolare.<br><strong>Diritti degli interessati<\/strong>\u00a0Gli interessati sono ai sensi del GDPR i soggetti a cui si riferiscono i dati personali. Essi possono in qualunque momento, esercitare i diritti previsti dal Regolamento, quali: il diritto di accesso, di cancellazione di tutti i dati e rettifica degli stessi, di limitazione, di portabilit\u00e0, di opposizione al processo decisionale automatizzato, segnalare ulteriori richieste attraverso contatto diretto all\u2019indirizzo mail presente in questo documento ovvero direttamente al Garante Privacy.<br>Piazza Venezia n. 11 \u2013 00187 Roma<br>Centralino telefonico: (+39) 06.696771<br>Fax: (+39) 06.69677.3785<br>Posta elettronica: protocollo@gpdp.it<br>Posta certificata: protocollo@pec.gpdp.it \u2013 indirizzo ad uso esclusivo comunicazioni PEC<\/p>\n\n\n\n<p><strong>Accesso ad altri siti \u2013 Disclaimer legale<\/strong><br>La presente informativa \u00e8 resa solo per il sito kruserracing.com e non per altri siti web eventualmente consultati dall\u2019utente tramite link raggiungibili dal presente sito, ivi compresi quelli di inserzionisti o di social. I dati forniti dall\u2019utente potranno essere utilizzati dal Titolare in eventuali giudizi civili o penali ovvero consegnati, su richiesta, all\u2019Autorit\u00e0 Giudiziaria.<\/p>\n\n\n\n<p><strong>Ulteriori indicazioni<\/strong><br>La presente informativa pu\u00f2 essere oggetto di modifiche da parte del Titolare per necessit\u00e0 gestionali o per previsioni normative. Ogni modifica avverr\u00e0 tramite il sito web kruserracing.com e, laddove necessario, inviando una notifica agli Utenti attraverso gli estremi di contatto in possesso del Titolare. Si invita a consultare periodicamente questa pagina con attenzione all\u2019ultima data di aggiornamento.<\/p>\n\n\n\n<p>COOKIE POLICY<br>INFORMATIVA ESTESA ALL\u2019USO DEI COOKIE<br>Questo sito utilizza solo ed esclusivamente cookie necessari ai fini di navigazione e nessun altro tipo di cookie o altro sistema di profilazione, registrazione, trattamento dati o profilazione degli utenti. La presente informativa viene pertanto fornita a soli fini di completezza e tutela degli utenti.<br>Informativa estesa sull\u2019uso dei cookie ai sensi del provvedimento del Garante della Privacy n. 229\/2014, per coloro che interagiscono con i servizi web di questo sito. Questo sito web utilizza cookie e tecnologie simili per garantire il corretto funzionamento delle procedure e migliorare l\u2019esperienza d\u2019uso delle applicazioni online. Il presente documento fornisce informazioni dettagliate sull\u2019uso dei cookie e di tecnologie similari, su come sono utilizzati e su come gestirli.<br><strong>Definizioni<\/strong><br>I cookie sono stringhe di testo di piccole dimensioni che i siti visitati dall\u2019utente inviano al suo terminale (solitamente al browser), dove vengono memorizzati per essere poi ritrasmessi agli stessi siti alla successiva visita del medesimo utente. I cookie vengono memorizzati, in base alle preferenze dell\u2019utente, dal singolo browser sullo specifico dispositivo utilizzato (computer, tablet, smartphone).<br><strong>Tipologie di cookie<\/strong>&nbsp;In base alle caratteristiche e all\u2019utilizzo, i cookie si possono distinguere in diverse categorie:<br><strong>Cookie strettamente necessari<\/strong><br>Si tratta di cookie indispensabili per gestire il login e l\u2019accesso alle funzioni riservate del sito, tipicamente per l\u2019aggiornamento delle pagine da parte delle redazioni web. La durata di questi cookie \u00e8 strettamente limitata alla sessione di lavoro (chiuso il browser vengono cancellati). La loro disattivazione compromette l\u2019utilizzo dei servizi accessibili dal login. La parte pubblica dei siti resta invece normalmente utilizzabile.<br><strong>Cookie tecnici (di analisi e prestazioni)<\/strong><br>Sono cookie utilizzati per raccogliere e analizzare il traffico e l\u2019utilizzo del sito in modo anonimo. Questi cookie, pur senza identificare l\u2019utente, consentono per esempio, di rilevare se il medesimo utente torna a collegarsi in momenti diversi. Permettono inoltre di monitorare il sistema e migliorarne le prestazioni e l\u2019usabilit\u00e0. In alcune pagine di questo sito possono memorizzare le preferenze dell\u2019utente relativamente alla dimensione del font e alla modalit\u00e0 di visualizzazione preferita (grafica, alto contrasto o testuale) ai fini dell\u2019accessibilit\u00e0 dei contenuti. La disattivazione di tali cookie pu\u00f2 essere eseguita senza alcuna perdita di funzionalit\u00e0.<br><strong>Cookie di profilazione<\/strong><br>Si tratta di cookie permanenti utilizzati per identificare (in modo anonimo e non) le preferenze dell\u2019utente e migliorare la sua esperienza di navigazione.<br><strong>Durata dei cookie<\/strong><br>Alcuni cookie (cookie di sessione) restano attivi solo fino alla chiusura del browser o all\u2019esecuzione del comando di logout. Altri cookie \u201csopravvivono\u201d alla chiusura del browser e sono disponibili anche in successive visite dell\u2019utente. Questi cookie sono detti persistenti e la loro durata \u00e8 fissata dal server al momento della loro creazione.<br><strong>Gestione dei cookie<\/strong><br>L\u2019utente pu\u00f2 decidere se accettare o meno i cookie utilizzando le impostazioni del proprio browser. La disabilitazione totale o parziale dei cookie potrebbe compromette l\u2019utilizzo delle funzionalit\u00e0 del sito, ma non impedirne la navigazione. L\u2019impostazione pu\u00f2 essere definita in modo specifico per i diversi siti e applicazioni web. Di seguito le risorse web che illustrano come procedere per ciascuno dei principali browser: Chrome, Firefox, Internet Explorer, Opera, Safari.<\/p>\n","protected":false},"excerpt":{"rendered":"<p>Privacy e cookie policy INFORMATIVAAi sensi del Regolamento Europeo 2016\/679Del sito web kruserracing.com Trattamento dei dati personali\u00a0\u2013 PremessaVengono qui di seguito descritte le modalit\u00e0 di gestione del sito\u00a0kruserracing.com\u00a0in riferimento al trattamento dei dati personali degli utenti. La presente informativa \u00e8 resa ai sensi dell\u2019art.13 del Regolamento 2016\/679 del Parlamento europeo e del Consiglio del 27 [&hellip;]<\/p>\n","protected":false},"author":1,"featured_media":0,"parent":0,"menu_order":0,"comment_status":"closed","ping_status":"closed","template":"","meta":{"footnotes":""},"class_list":["post-3","page","type-page","status-publish","hentry"],"_links":{"self":[{"href":"https:\/\/kruseracing.com\/index.php\/wp-json\/wp\/v2\/pages\/3","targetHints":{"allow":["GET"]}}],"collection":[{"href":"https:\/\/kruseracing.com\/index.php\/wp-json\/wp\/v2\/pages"}],"about":[{"href":"https:\/\/kruseracing.com\/index.php\/wp-json\/wp\/v2\/types\/page"}],"author":[{"embeddable":true,"href":"https:\/\/kruseracing.com\/index.php\/wp-json\/wp\/v2\/users\/1"}],"replies":[{"embeddable":true,"href":"https:\/\/kruseracing.com\/index.php\/wp-json\/wp\/v2\/comments?post=3"}],"version-history":[{"count":3,"href":"https:\/\/kruseracing.com\/index.php\/wp-json\/wp\/v2\/pages\/3\/revisions"}],"predecessor-version":[{"id":67,"href":"https:\/\/kruseracing.com\/index.php\/wp-json\/wp\/v2\/pages\/3\/revisions\/67"}],"wp:attachment":[{"href":"https:\/\/kruseracing.com\/index.php\/wp-json\/wp\/v2\/media?parent=3"}],"curies":[{"name":"wp","href":"https:\/\/api.w.org\/{rel}","templated":true}]}}